{"id":188,"date":"2024-03-04T04:00:44","date_gmt":"2024-03-04T04:00:44","guid":{"rendered":"https:\/\/shthemes.net\/demosd\/acens\/?page_id=188"},"modified":"2025-10-24T12:18:32","modified_gmt":"2025-10-24T12:18:32","slug":"sherbimet","status":"publish","type":"page","link":"https:\/\/swissmetal-rks.com\/en\/sherbimet\/","title":{"rendered":"Services"},"content":{"rendered":"<div data-elementor-type=\"wp-page\" data-elementor-id=\"188\" class=\"elementor elementor-188\">\n\t\t\t\t\t\t<section class=\"elementor-section elementor-top-section elementor-element elementor-element-1f64ea2 elementor-section-full_width elementor-section-height-default elementor-section-height-default\" data-id=\"1f64ea2\" data-element_type=\"section\" data-e-type=\"section\">\n\t\t\t\t\t\t<div class=\"elementor-container elementor-column-gap-no\">\n\t\t\t\t\t<div class=\"elementor-column elementor-col-100 elementor-top-column elementor-element elementor-element-55c7257\" data-id=\"55c7257\" data-element_type=\"column\" data-e-type=\"column\">\n\t\t\t<div class=\"elementor-widget-wrap elementor-element-populated\">\n\t\t\t\t\t\t<div class=\"elementor-element elementor-element-6e81efc elementor-align-left elementor-widget elementor-widget-bdevs-banner-pages\" data-id=\"6e81efc\" data-element_type=\"widget\" data-e-type=\"widget\" data-widget_type=\"bdevs-banner-pages.default\">\n\t\t\t\t<div class=\"elementor-widget-container\">\n\t\t\t\t\t \r\n<section class=\"banner-header section-padding bg-img bg-fixed bg-img-position-top\" data-overlay-dark=\"7\" data-background=\"https:\/\/swissmetal-rks.com\/wp-content\/uploads\/2024\/11\/1730902467405178-scaled.jpg\">\r\n    <div class=\"v-middle\">\r\n        <div class=\"container\">\r\n            <div class=\"row\">\r\n                <div class=\"col-md-12 text-center mt-60\">\r\n                \t                    <h1>Services<\/h1>\r\n                                        <ul class=\"breadcrumbs\">\r\n                    \t                        <li><a href=\"\/en\/swissmetal-rks.com\/ballina\/\">Home<\/a><\/li>\r\n                         \r\n                        <li>Services<\/li>\r\n                    <\/ul>\r\n                <\/div>\r\n            <\/div>\r\n        <\/div>\r\n    <\/div>\r\n<\/section>\r\n<!-- divider line -->\r\n<div class=\"line-vr-section\"><\/div>\r\n\t\t\t\t\t<\/div>\n\t\t\t\t<\/div>\n\t\t\t\t\t<\/div>\n\t\t<\/div>\n\t\t\t\t\t<\/div>\n\t\t<\/section>\n\t\t\t\t<section class=\"elementor-section elementor-top-section elementor-element elementor-element-2c2ee28 elementor-section-full_width elementor-section-height-default elementor-section-height-default\" data-id=\"2c2ee28\" data-element_type=\"section\" data-e-type=\"section\">\n\t\t\t\t\t\t<div class=\"elementor-container elementor-column-gap-no\">\n\t\t\t\t\t<div class=\"elementor-column elementor-col-100 elementor-top-column elementor-element elementor-element-8326b53\" data-id=\"8326b53\" data-element_type=\"column\" data-e-type=\"column\">\n\t\t\t<div class=\"elementor-widget-wrap\">\n\t\t\t\t\t\t\t<\/div>\n\t\t<\/div>\n\t\t\t\t\t<\/div>\n\t\t<\/section>\n\t\t\t\t<section class=\"elementor-section elementor-top-section elementor-element elementor-element-10954ba elementor-section-full_width elementor-section-height-default elementor-section-height-default\" data-id=\"10954ba\" data-element_type=\"section\" data-e-type=\"section\">\n\t\t\t\t\t\t<div class=\"elementor-container elementor-column-gap-no\">\n\t\t\t\t\t<div class=\"elementor-column elementor-col-100 elementor-top-column elementor-element elementor-element-bb25470\" data-id=\"bb25470\" data-element_type=\"column\" data-e-type=\"column\">\n\t\t\t<div class=\"elementor-widget-wrap elementor-element-populated\">\n\t\t\t\t\t\t<div class=\"elementor-element elementor-element-9895a2c elementor-align-left elementor-widget elementor-widget-bdevs-services\" data-id=\"9895a2c\" data-element_type=\"widget\" data-e-type=\"widget\" data-widget_type=\"bdevs-services.default\">\n\t\t\t\t<div class=\"elementor-widget-container\">\n\t\t\t\t\t \r\n<section id=\"services\" data-scroll-index=\"1\" class=\"services section-padding\">\r\n    <div class=\"container\">\r\n    \t        <div class=\"row\">\r\n        \t \r\n                        <div class=\"col-lg-4 col-md-6 mb-25\">\r\n            \t                <div class=\"item active\">\r\n                                    <div class=\"wrap\">\r\n                        <div class=\"icon-1\"> <i class=\"\"><\/i> <\/div>\r\n                        <div class=\"con\">\r\n                            <h4><a href=\"https:\/\/swissmetal-rks.com\/en\/services\/kerkimi-dhe-zhvillimi-2\/\">Research and Development<\/a><\/h4>\r\n                            <p>                            Research and Development are essential to our continued success. We are committed to investing...<\/p>\r\n                            <div class=\"icon-2\">\r\n                                <a href=\"https:\/\/swissmetal-rks.com\/en\/services\/kerkimi-dhe-zhvillimi-2\/\"><span class=\"fa-sharp fa-light fa-arrow-right\"><\/span><\/a>\r\n                            <\/div>\r\n                        <\/div>\r\n                        <div class=\"numb\">1<\/div>\r\n                    <\/div>\r\n                <\/div>\r\n            <\/div> \r\n             \r\n                        <div class=\"col-lg-4 col-md-6 mb-25\">\r\n            \t                <div class=\"item\">\r\n                                    <div class=\"wrap\">\r\n                        <div class=\"icon-1\"> <i class=\"\"><\/i> <\/div>\r\n                        <div class=\"con\">\r\n                            <h4><a href=\"https:\/\/swissmetal-rks.com\/en\/services\/fabrikimi-i-metaleve-2\/\">Metal Fabrication<\/a><\/h4>\r\n                            <p>                            Metal Fabrication is an essential process that involves transforming raw metal materials into<\/p>\r\n                            <div class=\"icon-2\">\r\n                                <a href=\"https:\/\/swissmetal-rks.com\/en\/services\/fabrikimi-i-metaleve-2\/\"><span class=\"fa-sharp fa-light fa-arrow-right\"><\/span><\/a>\r\n                            <\/div>\r\n                        <\/div>\r\n                        <div class=\"numb\">2<\/div>\r\n                    <\/div>\r\n                <\/div>\r\n            <\/div> \r\n             \r\n                        <div class=\"col-lg-4 col-md-6 mb-25\">\r\n            \t                <div class=\"item\">\r\n                                    <div class=\"wrap\">\r\n                        <div class=\"icon-1\"> <i class=\"\"><\/i> <\/div>\r\n                        <div class=\"con\">\r\n                            <h4><a href=\"https:\/\/swissmetal-rks.com\/en\/services\/kontrolli-i-cilesise\/\">Quality Control<\/a><\/h4>\r\n                            <p>                            Quality Control is an essential process to ensure that every product we deliver to...<\/p>\r\n                            <div class=\"icon-2\">\r\n                                <a href=\"https:\/\/swissmetal-rks.com\/en\/services\/kontrolli-i-cilesise\/\"><span class=\"fa-sharp fa-light fa-arrow-right\"><\/span><\/a>\r\n                            <\/div>\r\n                        <\/div>\r\n                        <div class=\"numb\">3<\/div>\r\n                    <\/div>\r\n                <\/div>\r\n            <\/div> \r\n             \r\n                        <div class=\"col-lg-4 col-md-6 mb-25\">\r\n            \t                <div class=\"item\">\r\n                                    <div class=\"wrap\">\r\n                        <div class=\"icon-1\"> <i class=\"\"><\/i> <\/div>\r\n                        <div class=\"con\">\r\n                            <h4><a href=\"https:\/\/swissmetal-rks.com\/en\/services\/perdorimi-i-makinerive-te-avancuara\/\">Use of advanced machinery<\/a><\/h4>\r\n                            <p>                            We continuously invest in the latest technology and sophisticated machinery<\/p>\r\n                            <div class=\"icon-2\">\r\n                                <a href=\"https:\/\/swissmetal-rks.com\/en\/services\/perdorimi-i-makinerive-te-avancuara\/\"><span class=\"fa-sharp fa-light fa-arrow-right\"><\/span><\/a>\r\n                            <\/div>\r\n                        <\/div>\r\n                        <div class=\"numb\">4<\/div>\r\n                    <\/div>\r\n                <\/div>\r\n            <\/div> \r\n             \r\n                        <div class=\"col-lg-4 col-md-6 mb-25\">\r\n            \t                <div class=\"item\">\r\n                                    <div class=\"wrap\">\r\n                        <div class=\"icon-1\"> <i class=\"\"><\/i> <\/div>\r\n                        <div class=\"con\">\r\n                            <h4><a href=\"https:\/\/swissmetal-rks.com\/en\/services\/prodhimi-dhe-montimi\/\">Production and Installation<\/a><\/h4>\r\n                            <p>                            Production and Installation are two key aspects of Swiss Metal\u2019s operations, ensuring that products...<\/p>\r\n                            <div class=\"icon-2\">\r\n                                <a href=\"https:\/\/swissmetal-rks.com\/en\/services\/prodhimi-dhe-montimi\/\"><span class=\"fa-sharp fa-light fa-arrow-right\"><\/span><\/a>\r\n                            <\/div>\r\n                        <\/div>\r\n                        <div class=\"numb\">5<\/div>\r\n                    <\/div>\r\n                <\/div>\r\n            <\/div> \r\n             \r\n                        <div class=\"col-lg-4 col-md-6 mb-25\">\r\n            \t                <div class=\"item\">\r\n                                    <div class=\"wrap\">\r\n                        <div class=\"icon-1\"> <i class=\"\"><\/i> <\/div>\r\n                        <div class=\"con\">\r\n                            <h4><a href=\"https:\/\/swissmetal-rks.com\/en\/services\/importi-eksporti-dhe-bashkepunimi\/\">Import, Export and Cooperation<\/a><\/h4>\r\n                            <p>                            Import, Export and Cooperation are three inseparable aspects that support<\/p>\r\n                            <div class=\"icon-2\">\r\n                                <a href=\"https:\/\/swissmetal-rks.com\/en\/services\/importi-eksporti-dhe-bashkepunimi\/\"><span class=\"fa-sharp fa-light fa-arrow-right\"><\/span><\/a>\r\n                            <\/div>\r\n                        <\/div>\r\n                        <div class=\"numb\">6<\/div>\r\n                    <\/div>\r\n                <\/div>\r\n            <\/div> \r\n                    <\/div>\r\n    <\/div>\r\n<\/section>\r\n\t\t\t\t\t<\/div>\n\t\t\t\t<\/div>\n\t\t\t\t<div class=\"elementor-element elementor-element-c383eed elementor-align-left elementor-widget elementor-widget-bdevs-lets-talk\" data-id=\"c383eed\" data-element_type=\"widget\" data-e-type=\"widget\" data-widget_type=\"bdevs-lets-talk.default\">\n\t\t\t\t<div class=\"elementor-widget-container\">\n\t\t\t\t\t \r\n<div class=\"line-vr-section\"><\/div>\r\n<section id=\"contact\" data-scroll-index=\"6\" class=\"lets-talk background bg-img bg-fixed section-padding\" data-overlay-dark=\"5\" data-background=\"https:\/\/swissmetal-rks.com\/wp-content\/uploads\/2024\/11\/1730902159974719-1-scaled.jpg\">\r\n    <div class=\"container\">\r\n        <div class=\"row\">\r\n            <div class=\"col-md-12 text-center\">\r\n            \t                                <h5><span>Contact<\/span> Us<\/h5> \r\n                                                <a href=\"tel:+383 (0) 44 172 305\" class=\"btn-1 mt-30\"> <i class=\"fa-solid fa-phone\"><\/i> +383 (0) 44 172 305<\/a> \r\n                                                <a href=\"mailto:info\"swissmetal-rks.com\" class=\"btn-5 mt-30\"> <i class=\"fa-solid fa-paper-plane\"><\/i> Get Your Offer<\/a>\r\n                            <\/div>\r\n        <\/div>\r\n    <\/div>\r\n<\/section>\r\n\t\t\t\t\t<\/div>\n\t\t\t\t<\/div>\n\t\t\t\t\t<\/div>\n\t\t<\/div>\n\t\t\t\t\t<\/div>\n\t\t<\/section>\n\t\t\t\t<\/div>","protected":false},"excerpt":{"rendered":"<p>Sh\u00ebrbimet Ballina Sh\u00ebrbimet K\u00ebrkimi dhe Zhvillimi K\u00ebrkimi dhe Zhvillimi jan\u00eb thelb\u00ebsore p\u00ebr suksesin ton\u00eb t\u00eb vazhduesh\u00ebm. Ne jemi t\u00eb p\u00ebrkushtuar p\u00ebr t\u00eb investuar&#8230; 1 Fabrikimi i Metaleve Fabrikimi i Metal\u00ebve \u00ebsht\u00eb nj\u00eb proces thelb\u00ebsor q\u00eb n\u00ebnkupton transformimin e materialeve t\u00eb pap\u00ebrpunuara metalike n\u00eb 2 Kontrolli i Cil\u00ebsis\u00eb Kontrolli i Cil\u00ebsis\u00eb \u00ebsht\u00eb nj\u00eb proces i domosdosh\u00ebm [&hellip;]<\/p>","protected":false},"author":1,"featured_media":0,"parent":0,"menu_order":0,"comment_status":"closed","ping_status":"closed","template":"page-templates\/home.php","meta":{"inline_featured_image":false,"footnotes":""},"class_list":["post-188","page","type-page","status-publish","hentry"],"_links":{"self":[{"href":"https:\/\/swissmetal-rks.com\/en\/wp-json\/wp\/v2\/pages\/188","targetHints":{"allow":["GET"]}}],"collection":[{"href":"https:\/\/swissmetal-rks.com\/en\/wp-json\/wp\/v2\/pages"}],"about":[{"href":"https:\/\/swissmetal-rks.com\/en\/wp-json\/wp\/v2\/types\/page"}],"author":[{"embeddable":true,"href":"https:\/\/swissmetal-rks.com\/en\/wp-json\/wp\/v2\/users\/1"}],"replies":[{"embeddable":true,"href":"https:\/\/swissmetal-rks.com\/en\/wp-json\/wp\/v2\/comments?post=188"}],"version-history":[{"count":32,"href":"https:\/\/swissmetal-rks.com\/en\/wp-json\/wp\/v2\/pages\/188\/revisions"}],"predecessor-version":[{"id":2932,"href":"https:\/\/swissmetal-rks.com\/en\/wp-json\/wp\/v2\/pages\/188\/revisions\/2932"}],"wp:attachment":[{"href":"https:\/\/swissmetal-rks.com\/en\/wp-json\/wp\/v2\/media?parent=188"}],"curies":[{"name":"wp","href":"https:\/\/api.w.org\/{rel}","templated":true}]}}