{"id":204,"date":"2024-03-04T04:06:55","date_gmt":"2024-03-04T04:06:55","guid":{"rendered":"https:\/\/shthemes.net\/demosd\/acens\/?page_id=204"},"modified":"2026-01-08T14:24:22","modified_gmt":"2026-01-08T14:24:22","slug":"ekipa","status":"publish","type":"page","link":"https:\/\/swissmetal-rks.com\/en\/ekipa\/","title":{"rendered":"Ekipa"},"content":{"rendered":"<div data-elementor-type=\"wp-page\" data-elementor-id=\"204\" class=\"elementor elementor-204\">\n\t\t\t\t\t\t<section class=\"elementor-section elementor-top-section elementor-element elementor-element-581908c elementor-section-full_width elementor-section-height-default elementor-section-height-default\" data-id=\"581908c\" data-element_type=\"section\" data-e-type=\"section\">\n\t\t\t\t\t\t<div class=\"elementor-container elementor-column-gap-no\">\n\t\t\t\t\t<div class=\"elementor-column elementor-col-100 elementor-top-column elementor-element elementor-element-7b265c7\" data-id=\"7b265c7\" data-element_type=\"column\" data-e-type=\"column\">\n\t\t\t<div class=\"elementor-widget-wrap elementor-element-populated\">\n\t\t\t\t\t\t<div class=\"elementor-element elementor-element-c35829c elementor-align-left elementor-widget elementor-widget-bdevs-banner-pages\" data-id=\"c35829c\" data-element_type=\"widget\" data-e-type=\"widget\" data-widget_type=\"bdevs-banner-pages.default\">\n\t\t\t\t<div class=\"elementor-widget-container\">\n\t\t\t\t\t \r\n<section class=\"banner-header section-padding bg-img bg-fixed bg-img-position-top\" data-overlay-dark=\"7\" data-background=\"https:\/\/shthemes.net\/demosd\/acens\/wp-content\/uploads\/2024\/03\/5-3.jpg\">\r\n    <div class=\"v-middle\">\r\n        <div class=\"container\">\r\n            <div class=\"row\">\r\n                <div class=\"col-md-12 text-center mt-60\">\r\n                \t                    <h1>Meet Team<\/h1>\r\n                                        <ul class=\"breadcrumbs\">\r\n                    \t                        <li><a href=\"https:\/\/swissmetal-rks.com\/en\/\">Home<\/a><\/li>\r\n                         \r\n                        <li>Meet Team<\/li>\r\n                    <\/ul>\r\n                <\/div>\r\n            <\/div>\r\n        <\/div>\r\n    <\/div>\r\n<\/section>\r\n<!-- divider line -->\r\n<div class=\"line-vr-section\"><\/div>\r\n\t\t\t\t\t<\/div>\n\t\t\t\t<\/div>\n\t\t\t\t\t<\/div>\n\t\t<\/div>\n\t\t\t\t\t<\/div>\n\t\t<\/section>\n\t\t\t\t<section class=\"elementor-section elementor-top-section elementor-element elementor-element-877321f elementor-section-full_width elementor-section-height-default elementor-section-height-default\" data-id=\"877321f\" data-element_type=\"section\" data-e-type=\"section\">\n\t\t\t\t\t\t<div class=\"elementor-container elementor-column-gap-no\">\n\t\t\t\t\t<div class=\"elementor-column elementor-col-100 elementor-top-column elementor-element elementor-element-c8edf96\" data-id=\"c8edf96\" data-element_type=\"column\" data-e-type=\"column\">\n\t\t\t<div class=\"elementor-widget-wrap elementor-element-populated\">\n\t\t\t\t\t\t<div class=\"elementor-element elementor-element-1499e2a elementor-align-left elementor-widget elementor-widget-bdevs-team-pages\" data-id=\"1499e2a\" data-element_type=\"widget\" data-e-type=\"widget\" data-widget_type=\"bdevs-team-pages.default\">\n\t\t\t\t<div class=\"elementor-widget-container\">\n\t\t\t\t\t \r\n<section class=\"team section-padding\">\r\n    <div class=\"container\">\r\n        <div class=\"row\">\r\n             \r\n            <div class=\"col-lg-4 col-md-6\">\r\n                <div class=\"item wow fadeInUp\" data-wow-delay=\".1s\">\r\n                    <div class=\"img img-grayscale\"> <img decoding=\"async\" src=\"https:\/\/swissmetal-rks.com\/wp-content\/uploads\/2024\/03\/Adem-Zeqiri-scaled.jpg\" alt=\"\" class=\"w-100\"> <\/div>\r\n                    <div class=\"con\">\r\n                        <h5 class=\"mb-0\"><a href=\"https:\/\/swissmetal-rks.com\/en\/team\/zeqiri-adem\/\">Zeqiri Adem<br><span>CEO <\/span><\/a><\/h5>\r\n                        <div class=\"arrow\"> <a href=\"https:\/\/swissmetal-rks.com\/en\/team\/zeqiri-adem\/\"><i class=\"fa-solid fa-arrow-up\"><\/i><\/a> <\/div>\r\n                    <\/div>\r\n                <\/div>\r\n            <\/div>\r\n             \r\n            <div class=\"col-lg-4 col-md-6\">\r\n                <div class=\"item wow fadeInUp\" data-wow-delay=\".1s\">\r\n                    <div class=\"img img-grayscale\"> <img decoding=\"async\" src=\"https:\/\/swissmetal-rks.com\/wp-content\/uploads\/2024\/03\/Alush-Zeqiri-scaled.jpg\" alt=\"\" class=\"w-100\"> <\/div>\r\n                    <div class=\"con\">\r\n                        <h5 class=\"mb-0\"><a href=\"https:\/\/swissmetal-rks.com\/en\/team\/zeqiri-alush\/\">Zeqiri Alush<br><span>CEO <\/span><\/a><\/h5>\r\n                        <div class=\"arrow\"> <a href=\"https:\/\/swissmetal-rks.com\/en\/team\/zeqiri-alush\/\"><i class=\"fa-solid fa-arrow-up\"><\/i><\/a> <\/div>\r\n                    <\/div>\r\n                <\/div>\r\n            <\/div>\r\n             \r\n            <div class=\"col-lg-4 col-md-6\">\r\n                <div class=\"item wow fadeInUp\" data-wow-delay=\".1s\">\r\n                    <div class=\"img img-grayscale\"> <img decoding=\"async\" src=\"https:\/\/swissmetal-rks.com\/wp-content\/uploads\/2024\/03\/Alberit-Zeqiri-scaled.jpg\" alt=\"\" class=\"w-100\"> <\/div>\r\n                    <div class=\"con\">\r\n                        <h5 class=\"mb-0\"><a href=\"https:\/\/swissmetal-rks.com\/en\/team\/zeqiri-alberit\/\">Zeqiri Alberit<br><span>Director <\/span><\/a><\/h5>\r\n                        <div class=\"arrow\"> <a href=\"https:\/\/swissmetal-rks.com\/en\/team\/zeqiri-alberit\/\"><i class=\"fa-solid fa-arrow-up\"><\/i><\/a> <\/div>\r\n                    <\/div>\r\n                <\/div>\r\n            <\/div>\r\n             \r\n            <div class=\"col-lg-4 col-md-6\">\r\n                <div class=\"item wow fadeInUp\" data-wow-delay=\".1s\">\r\n                    <div class=\"img img-grayscale\"> <img decoding=\"async\" src=\"https:\/\/swissmetal-rks.com\/wp-content\/uploads\/2024\/03\/Leonora-Zeqiri-scaled.jpg\" alt=\"\" class=\"w-100\"> <\/div>\r\n                    <div class=\"con\">\r\n                        <h5 class=\"mb-0\"><a href=\"https:\/\/swissmetal-rks.com\/en\/team\/zeqiri-leonora\/\">Zeqiri Leonora<br><span>Administration <\/span><\/a><\/h5>\r\n                        <div class=\"arrow\"> <a href=\"https:\/\/swissmetal-rks.com\/en\/team\/zeqiri-leonora\/\"><i class=\"fa-solid fa-arrow-up\"><\/i><\/a> <\/div>\r\n                    <\/div>\r\n                <\/div>\r\n            <\/div>\r\n             \r\n            <div class=\"col-lg-4 col-md-6\">\r\n                <div class=\"item wow fadeInUp\" data-wow-delay=\".1s\">\r\n                    <div class=\"img img-grayscale\"> <img decoding=\"async\" src=\"https:\/\/swissmetal-rks.com\/wp-content\/uploads\/2024\/06\/IMG_0033-2.jpg\" alt=\"\" class=\"w-100\"> <\/div>\r\n                    <div class=\"con\">\r\n                        <h5 class=\"mb-0\"><a href=\"https:\/\/swissmetal-rks.com\/en\/team\/vishi-fatnora-2\/\">Vishi Fatnora<br><span>Sales Agent <\/span><\/a><\/h5>\r\n                        <div class=\"arrow\"> <a href=\"https:\/\/swissmetal-rks.com\/en\/team\/vishi-fatnora-2\/\"><i class=\"fa-solid fa-arrow-up\"><\/i><\/a> <\/div>\r\n                    <\/div>\r\n                <\/div>\r\n            <\/div>\r\n             \r\n            <div class=\"col-lg-4 col-md-6\">\r\n                <div class=\"item wow fadeInUp\" data-wow-delay=\".1s\">\r\n                    <div class=\"img img-grayscale\"> <img decoding=\"async\" src=\"https:\/\/swissmetal-rks.com\/wp-content\/uploads\/2024\/11\/Dauit-Besart-scaled.jpg\" alt=\"\" class=\"w-100\"> <\/div>\r\n                    <div class=\"con\">\r\n                        <h5 class=\"mb-0\"><a href=\"https:\/\/swissmetal-rks.com\/en\/team\/dauti-besart\/\">Dauti Besart<br><span>Architect <\/span><\/a><\/h5>\r\n                        <div class=\"arrow\"> <a href=\"https:\/\/swissmetal-rks.com\/en\/team\/dauti-besart\/\"><i class=\"fa-solid fa-arrow-up\"><\/i><\/a> <\/div>\r\n                    <\/div>\r\n                <\/div>\r\n            <\/div>\r\n             \r\n            <div class=\"col-lg-4 col-md-6\">\r\n                <div class=\"item wow fadeInUp\" data-wow-delay=\".1s\">\r\n                    <div class=\"img img-grayscale\"> <img decoding=\"async\" src=\"https:\/\/swissmetal-rks.com\/wp-content\/uploads\/2024\/03\/Albert-Guri-scaled.jpg\" alt=\"\" class=\"w-100\"> <\/div>\r\n                    <div class=\"con\">\r\n                        <h5 class=\"mb-0\"><a href=\"https:\/\/swissmetal-rks.com\/en\/team\/guri-albert\/\">Guri Albert<br><span>Engineer <\/span><\/a><\/h5>\r\n                        <div class=\"arrow\"> <a href=\"https:\/\/swissmetal-rks.com\/en\/team\/guri-albert\/\"><i class=\"fa-solid fa-arrow-up\"><\/i><\/a> <\/div>\r\n                    <\/div>\r\n                <\/div>\r\n            <\/div>\r\n             \r\n            <div class=\"col-lg-4 col-md-6\">\r\n                <div class=\"item wow fadeInUp\" data-wow-delay=\".1s\">\r\n                    <div class=\"img img-grayscale\"> <img decoding=\"async\" src=\"https:\/\/swissmetal-rks.com\/wp-content\/uploads\/2024\/03\/Ardian-Salihi-scaled.jpg\" alt=\"\" class=\"w-100\"> <\/div>\r\n                    <div class=\"con\">\r\n                        <h5 class=\"mb-0\"><a href=\"https:\/\/swissmetal-rks.com\/en\/team\/salihi-ardian\/\">Salihi Ardian<br><span>Engineer <\/span><\/a><\/h5>\r\n                        <div class=\"arrow\"> <a href=\"https:\/\/swissmetal-rks.com\/en\/team\/salihi-ardian\/\"><i class=\"fa-solid fa-arrow-up\"><\/i><\/a> <\/div>\r\n                    <\/div>\r\n                <\/div>\r\n            <\/div>\r\n             \r\n            <div class=\"col-lg-4 col-md-6\">\r\n                <div class=\"item wow fadeInUp\" data-wow-delay=\".1s\">\r\n                    <div class=\"img img-grayscale\"> <img decoding=\"async\" src=\"https:\/\/swissmetal-rks.com\/wp-content\/uploads\/2024\/10\/Dardan-Muhaxhereii-scaled.jpg\" alt=\"\" class=\"w-100\"> <\/div>\r\n                    <div class=\"con\">\r\n                        <h5 class=\"mb-0\"><a href=\"https:\/\/swissmetal-rks.com\/en\/team\/muhaxheri-dardan\/\">Muhaxheri Dardan<br><span>Architect <\/span><\/a><\/h5>\r\n                        <div class=\"arrow\"> <a href=\"https:\/\/swissmetal-rks.com\/en\/team\/muhaxheri-dardan\/\"><i class=\"fa-solid fa-arrow-up\"><\/i><\/a> <\/div>\r\n                    <\/div>\r\n                <\/div>\r\n            <\/div>\r\n                    <\/div>\r\n    <\/div>\r\n<\/section>\r\n\t\t\t\t\t<\/div>\n\t\t\t\t<\/div>\n\t\t\t\t\t<\/div>\n\t\t<\/div>\n\t\t\t\t\t<\/div>\n\t\t<\/section>\n\t\t\t\t<section class=\"elementor-section elementor-top-section elementor-element elementor-element-8a60e92 elementor-section-full_width elementor-section-height-default elementor-section-height-default\" data-id=\"8a60e92\" data-element_type=\"section\" data-e-type=\"section\">\n\t\t\t\t\t\t<div class=\"elementor-container elementor-column-gap-no\">\n\t\t\t\t\t<div class=\"elementor-column elementor-col-100 elementor-top-column elementor-element elementor-element-3afccaf\" data-id=\"3afccaf\" data-element_type=\"column\" data-e-type=\"column\">\n\t\t\t<div class=\"elementor-widget-wrap elementor-element-populated\">\n\t\t\t\t\t\t<div class=\"elementor-element elementor-element-1f85cb5 elementor-align-left elementor-widget elementor-widget-bdevs-lets-talk\" data-id=\"1f85cb5\" data-element_type=\"widget\" data-e-type=\"widget\" data-widget_type=\"bdevs-lets-talk.default\">\n\t\t\t\t<div class=\"elementor-widget-container\">\n\t\t\t\t\t \r\n<div class=\"line-vr-section\"><\/div>\r\n<section id=\"contact\" data-scroll-index=\"6\" class=\"lets-talk background bg-img bg-fixed section-padding\" data-overlay-dark=\"5\" data-background=\"https:\/\/shthemes.net\/demosd\/acens\/wp-content\/uploads\/2024\/03\/banner2.jpg\">\r\n    <div class=\"container\">\r\n        <div class=\"row\">\r\n            <div class=\"col-md-12 text-center\">\r\n            \t                <h6 class=\"wow\" data-splitting>We develop digital future<\/h6>\r\n                                                <h5><span>Let's<\/span> Talk?<\/h5> \r\n                                                <a href=\"tel: 800 123 4567\" class=\"btn-1 mt-30\"> <i class=\"fa-solid fa-phone\"><\/i>  800 123 4567<\/a> \r\n                                                <a href=\"https:\/\/shthemes.net\/demosd\/acens\/?page_id=229\" class=\"btn-5 mt-30\"> <i class=\"fa-solid fa-paper-plane\"><\/i>  Make an enquiry<\/a>\r\n                            <\/div>\r\n        <\/div>\r\n    <\/div>\r\n<\/section>\r\n\t\t\t\t\t<\/div>\n\t\t\t\t<\/div>\n\t\t\t\t\t<\/div>\n\t\t<\/div>\n\t\t\t\t\t<\/div>\n\t\t<\/section>\n\t\t\t\t<\/div>","protected":false},"excerpt":{"rendered":"<p>Meet Team Home Meet Team Zeqiri AdemPronar\u00eb Zeqiri AlushPronar\u00eb Zeqiri AlberitDrejtor Zeqiri LeonoraAdministrat\u00eb Vishi FatnoraAgjente e Shitjes Dauti BesartArkitekt-Projektues Guri AlbertInxhinier-Projektues Salihi ArdianInxhinier-Projektues Muhaxheri DardanArkitekt-Projektues We develop digital future Let&#8217;s Talk? 800 123 4567 Make an enquiry<\/p>","protected":false},"author":1,"featured_media":0,"parent":0,"menu_order":0,"comment_status":"closed","ping_status":"closed","template":"page-templates\/home.php","meta":{"inline_featured_image":false,"footnotes":""},"class_list":["post-204","page","type-page","status-publish","hentry"],"_links":{"self":[{"href":"https:\/\/swissmetal-rks.com\/en\/wp-json\/wp\/v2\/pages\/204","targetHints":{"allow":["GET"]}}],"collection":[{"href":"https:\/\/swissmetal-rks.com\/en\/wp-json\/wp\/v2\/pages"}],"about":[{"href":"https:\/\/swissmetal-rks.com\/en\/wp-json\/wp\/v2\/types\/page"}],"author":[{"embeddable":true,"href":"https:\/\/swissmetal-rks.com\/en\/wp-json\/wp\/v2\/users\/1"}],"replies":[{"embeddable":true,"href":"https:\/\/swissmetal-rks.com\/en\/wp-json\/wp\/v2\/comments?post=204"}],"version-history":[{"count":6,"href":"https:\/\/swissmetal-rks.com\/en\/wp-json\/wp\/v2\/pages\/204\/revisions"}],"predecessor-version":[{"id":2380,"href":"https:\/\/swissmetal-rks.com\/en\/wp-json\/wp\/v2\/pages\/204\/revisions\/2380"}],"wp:attachment":[{"href":"https:\/\/swissmetal-rks.com\/en\/wp-json\/wp\/v2\/media?parent=204"}],"curies":[{"name":"wp","href":"https:\/\/api.w.org\/{rel}","templated":true}]}}