{"id":229,"date":"2024-03-04T04:11:56","date_gmt":"2024-03-04T04:11:56","guid":{"rendered":"https:\/\/shthemes.net\/demosd\/acens\/?page_id=229"},"modified":"2025-08-22T12:09:34","modified_gmt":"2025-08-22T12:09:34","slug":"kontakti","status":"publish","type":"page","link":"https:\/\/swissmetal-rks.com\/en\/kontakti\/","title":{"rendered":"Contact"},"content":{"rendered":"<div data-elementor-type=\"wp-page\" data-elementor-id=\"229\" class=\"elementor elementor-229\">\n\t\t\t\t\t\t<section class=\"elementor-section elementor-top-section elementor-element elementor-element-7cd2d4f elementor-section-full_width elementor-section-height-default elementor-section-height-default\" data-id=\"7cd2d4f\" data-element_type=\"section\" data-e-type=\"section\">\n\t\t\t\t\t\t<div class=\"elementor-container elementor-column-gap-no\">\n\t\t\t\t\t<div class=\"elementor-column elementor-col-100 elementor-top-column elementor-element elementor-element-510c5c4\" data-id=\"510c5c4\" data-element_type=\"column\" data-e-type=\"column\">\n\t\t\t<div class=\"elementor-widget-wrap elementor-element-populated\">\n\t\t\t\t\t\t<div class=\"elementor-element elementor-element-03e4165 elementor-align-left elementor-widget elementor-widget-bdevs-banner-pages\" data-id=\"03e4165\" data-element_type=\"widget\" data-e-type=\"widget\" data-widget_type=\"bdevs-banner-pages.default\">\n\t\t\t\t<div class=\"elementor-widget-container\">\n\t\t\t\t\t \r\n<section class=\"banner-header section-padding bg-img bg-fixed bg-img-position-top\" data-overlay-dark=\"7\" data-background=\"https:\/\/swissmetal-rks.com\/wp-content\/uploads\/2024\/11\/1730902467405178-1-scaled.jpg\">\r\n    <div class=\"v-middle\">\r\n        <div class=\"container\">\r\n            <div class=\"row\">\r\n                <div class=\"col-md-12 text-center mt-60\">\r\n                \t                    <h1>Contact<\/h1>\r\n                                        <ul class=\"breadcrumbs\">\r\n                    \t                        <li><a href=\"\/en\/SWISSMETAL-RKS.COM\/bALLINA\/\">Home<\/a><\/li>\r\n                         \r\n                        <li>Contact<\/li>\r\n                    <\/ul>\r\n                <\/div>\r\n            <\/div>\r\n        <\/div>\r\n    <\/div>\r\n<\/section>\r\n<!-- divider line -->\r\n<div class=\"line-vr-section\"><\/div>\r\n\t\t\t\t\t<\/div>\n\t\t\t\t<\/div>\n\t\t\t\t\t<\/div>\n\t\t<\/div>\n\t\t\t\t\t<\/div>\n\t\t<\/section>\n\t\t\t\t<section class=\"elementor-section elementor-top-section elementor-element elementor-element-02ef388 elementor-section-full_width elementor-section-height-default elementor-section-height-default\" data-id=\"02ef388\" data-element_type=\"section\" data-e-type=\"section\">\n\t\t\t\t\t\t<div class=\"elementor-container elementor-column-gap-no\">\n\t\t\t\t\t<div class=\"elementor-column elementor-col-100 elementor-top-column elementor-element elementor-element-0c900ff\" data-id=\"0c900ff\" data-element_type=\"column\" data-e-type=\"column\">\n\t\t\t<div class=\"elementor-widget-wrap elementor-element-populated\">\n\t\t\t\t\t\t<div class=\"elementor-element elementor-element-d507cdb elementor-align-left elementor-widget elementor-widget-bdevs-contact-pages\" data-id=\"d507cdb\" data-element_type=\"widget\" data-e-type=\"widget\" data-widget_type=\"bdevs-contact-pages.default\">\n\t\t\t\t<div class=\"elementor-widget-container\">\n\t\t\t\t\t \r\n<section class=\"contact section-padding\">\r\n    <div class=\"container\">\r\n        <div class=\"row\">\r\n            <div class=\"col-lg-6 col-md-12 mb-60\">\r\n                <div class=\"row mb-60\">\r\n                    <div class=\"col-md-12\">\r\n                    \t                                                <p>Visit us at our offices to learn more about the services and products we offer. Our team is ready to provide you with support and the information you need<\/p>\r\n                                                <div class=\"con\">\r\n                        \t                            <div class=\"icon\"> <span class=\"fa-solid fa-phone\"><\/span> <\/div>\r\n                                                                                    <div class=\"con-content\">\r\n                                <p class=\"text\"><a href=\"tel:+383 (0) 44 172 305\">+383 (0) 44 172 305<\/a><\/p>\r\n                            <\/div>\r\n                                                    <\/div>\r\n                        <div class=\"con\">\r\n                        \t                            <div class=\"icon\"> <span class=\"fa-solid fa-envelope\"><\/span> <\/div>\r\n                                                                                    <div class=\"con-content\">\r\n                                <p class=\"text\"><a href=\"mailto:info@swissmetal-rks.com\">info@swissmetal-rks.com<\/a><\/p>\r\n                            <\/div>\r\n                                                    <\/div>\r\n                        <div class=\"con\">\r\n                        \t                            <div class=\"icon\"> <span class=\"fa-solid fa-location\"><\/span> <\/div>\r\n                                                                                    <div class=\"con-content\">\r\n                                <p class=\"text\">Rr.Ibrahim Rugova, G\u00ebrlic\u00eb Ferizaj 70000<\/p>\r\n                            <\/div>\r\n                                                    <\/div>\r\n                    <\/div>\r\n                <\/div>\r\n                <div class=\"row\">\r\n                    <div class=\"col-md-12\">\r\n                        <h5>Working Hours<\/h5>\r\n                        <div class=\"opening-hours\">\r\n                            <ul>\r\n                            \t                                <li>\r\n                                    <div class=\"tit\">Monday - Friday<\/div>\r\n                                    <div class=\"dots\"><\/div> <span>08:00  - 17:00<\/span>\r\n                                <\/li>\r\n                                                                <li>\r\n                                    <div class=\"tit\">Saturday<\/div>\r\n                                    <div class=\"dots\"><\/div> <span>08:00 - 16:00<\/span>\r\n                                <\/li>\r\n                                                                <li>\r\n                                    <div class=\"tit\">Sunday<\/div>\r\n                                    <div class=\"dots\"><\/div> <span>Closed<\/span>\r\n                                <\/li>\r\n                                                            <\/ul>\r\n                        <\/div>\r\n                    <\/div>\r\n                <\/div>\r\n            <\/div>\r\n            <div class=\"col-lg-6 col-md-12\">\r\n            \t                <h5>Contact<\/h5>\r\n                                                \n<div class=\"wpcf7 no-js\" id=\"wpcf7-f533-o1\" lang=\"en-US\" dir=\"ltr\" data-wpcf7-id=\"533\">\n<div class=\"screen-reader-response\"><p role=\"status\" aria-live=\"polite\" aria-atomic=\"true\"><\/p> <ul><\/ul><\/div>\n<form action=\"\/en\/wp-json\/wp\/v2\/pages\/229#wpcf7-f533-o1\" method=\"post\" class=\"wpcf7-form init\" aria-label=\"Contact form\" novalidate=\"novalidate\" data-status=\"init\" data-trp-original-action=\"\/en\/wp-json\/wp\/v2\/pages\/229#wpcf7-f533-o1\">\n<fieldset class=\"hidden-fields-container\"><input type=\"hidden\" name=\"_wpcf7\" value=\"533\" \/><input type=\"hidden\" name=\"_wpcf7_version\" value=\"6.1.5\" \/><input type=\"hidden\" name=\"_wpcf7_locale\" value=\"en_US\" \/><input type=\"hidden\" name=\"_wpcf7_unit_tag\" value=\"wpcf7-f533-o1\" \/><input type=\"hidden\" name=\"_wpcf7_container_post\" value=\"0\" \/><input type=\"hidden\" name=\"_wpcf7_posted_data_hash\" value=\"\" \/>\n<\/fieldset>\n<div class=\"contact__form\">\n\t<div class=\"row\">\n\t\t<div class=\"col-md-12 form-group\">\n\t\t\t<p><span class=\"wpcf7-form-control-wrap\" data-name=\"your-name\"><input size=\"40\" maxlength=\"400\" class=\"wpcf7-form-control wpcf7-text wpcf7-validates-as-required\" aria-required=\"true\" aria-invalid=\"false\" placeholder=\"Name\" value=\"\" type=\"text\" name=\"your-name\" \/><\/span>\n\t\t\t<\/p>\n\t\t<\/div>\n\t\t<div class=\"col-md-6 form-group\">\n\t\t\t<p><span class=\"wpcf7-form-control-wrap\" data-name=\"your-email\"><input size=\"40\" maxlength=\"400\" class=\"wpcf7-form-control wpcf7-email wpcf7-validates-as-required wpcf7-text wpcf7-validates-as-email\" aria-required=\"true\" aria-invalid=\"false\" placeholder=\"Email Address *\" value=\"\" type=\"email\" name=\"your-email\" \/><\/span>\n\t\t\t<\/p>\n\t\t<\/div>\n\t\t<div class=\"col-md-6 form-group\">\n\t\t\t<p><span class=\"wpcf7-form-control-wrap\" data-name=\"your-phone\"><input size=\"40\" maxlength=\"400\" class=\"wpcf7-form-control wpcf7-text wpcf7-validates-as-required\" aria-required=\"true\" aria-invalid=\"false\" placeholder=\"Phone No\" value=\"\" type=\"text\" name=\"your-phone\" \/><\/span>\n\t\t\t<\/p>\n\t\t<\/div>\n\t\t<div class=\"col-md-12 form-group\">\n\t\t\t<p><span class=\"wpcf7-form-control-wrap\" data-name=\"your-subject\"><input size=\"40\" maxlength=\"400\" class=\"wpcf7-form-control wpcf7-text wpcf7-validates-as-required\" aria-required=\"true\" aria-invalid=\"false\" placeholder=\"Message\" value=\"\" type=\"text\" name=\"your-subject\" \/><\/span>\n\t\t\t<\/p>\n\t\t<\/div>\n\t\t<div class=\"col-md-12 form-group\">\n\t\t\t<p><span class=\"wpcf7-form-control-wrap\" data-name=\"your-message\"><textarea cols=\"40\" rows=\"10\" maxlength=\"2000\" class=\"wpcf7-form-control wpcf7-textarea wpcf7-validates-as-required\" id=\"message\" aria-required=\"true\" aria-invalid=\"false\" placeholder=\"How can we help you? Don\u2019t hesitate to contact us!\" name=\"your-message\"><\/textarea><\/span>\n\t\t\t<\/p>\n\t\t<\/div>\n\t\t<div class=\"col-md-12\">\n\t\t\t<p><input class=\"wpcf7-form-control wpcf7-submit has-spinner\" type=\"submit\" value=\"Send\" \/>\n\t\t\t<\/p>\n\t\t<\/div>\n\t<\/div>\n<\/div><div class=\"wpcf7-response-output\" aria-hidden=\"true\"><\/div>\n<input type=\"hidden\" name=\"trp-form-language\" value=\"en\"\/><\/form>\n<\/div>\n                            <\/div>\r\n        <\/div>\r\n    <\/div>\r\n<\/section>\r\n<!-- Maps -->\r\n\t\t\t\t\t<\/div>\n\t\t\t\t<\/div>\n\t\t\t\t<div class=\"elementor-element elementor-element-2900343 elementor-widget elementor-widget-google_maps\" data-id=\"2900343\" data-element_type=\"widget\" data-e-type=\"widget\" data-widget_type=\"google_maps.default\">\n\t\t\t\t\t\t\t<div class=\"elementor-custom-embed\">\n\t\t\t<iframe loading=\"lazy\"\n\t\t\t\t\tsrc=\"https:\/\/maps.google.com\/maps?q=SWISS%20METAL%20Ibrahim%20Rugova%2C%20Ferizaj%2070000&#038;t=m&#038;z=13&#038;output=embed&#038;iwloc=near\"\n\t\t\t\t\ttitle=\"SWISS METAL Ibrahim Rugova, Ferizaj 70000\"\n\t\t\t\t\taria-label=\"SWISS METAL Ibrahim Rugova, Ferizaj 70000\"\n\t\t\t><\/iframe>\n\t\t<\/div>\n\t\t\t\t\t\t<\/div>\n\t\t\t\t<div class=\"elementor-element elementor-element-1e92398 elementor-align-left elementor-widget elementor-widget-bdevs-lets-talk\" data-id=\"1e92398\" data-element_type=\"widget\" data-e-type=\"widget\" data-widget_type=\"bdevs-lets-talk.default\">\n\t\t\t\t<div class=\"elementor-widget-container\">\n\t\t\t\t\t \r\n<div class=\"line-vr-section\"><\/div>\r\n<section id=\"contact\" data-scroll-index=\"6\" class=\"lets-talk background bg-img bg-fixed section-padding\" data-overlay-dark=\"5\" data-background=\"https:\/\/swissmetal-rks.com\/wp-content\/uploads\/2024\/11\/1730902159974719-1-scaled.jpg\">\r\n    <div class=\"container\">\r\n        <div class=\"row\">\r\n            <div class=\"col-md-12 text-center\">\r\n            \t                                <h5><span>Contact<\/span> Us<\/h5> \r\n                                                <a href=\"tel:+383 (0) 44 172 305\" class=\"btn-1 mt-30\"> <i class=\"fa-solid fa-phone\"><\/i> +383 (0) 44 172 305<\/a> \r\n                                                <a href=\"mailto:info@swissmetal-rks.com\" class=\"btn-5 mt-30\"> <i class=\"fa-solid fa-paper-plane\"><\/i> Get Your Offer<\/a>\r\n                            <\/div>\r\n        <\/div>\r\n    <\/div>\r\n<\/section>\r\n\t\t\t\t\t<\/div>\n\t\t\t\t<\/div>\n\t\t\t\t\t<\/div>\n\t\t<\/div>\n\t\t\t\t\t<\/div>\n\t\t<\/section>\n\t\t\t\t<\/div>","protected":false},"excerpt":{"rendered":"<p>Kontakti Ballina Kontakti Na vizitoni n\u00eb zyrat tona p\u00ebr t&#8217;u njohur m\u00eb mir\u00eb me sh\u00ebrbimet dhe produktet q\u00eb ofrojm\u00eb.Ekipi yn\u00eb \u00ebsht\u00eb i gatsh\u00ebm t&#8217;ju ofroj\u00eb mb\u00ebshtetje dhe informacionin q\u00eb ju duhet. +383 (0) 44 172 305 info@swissmetal-rks.com Rr.Ibrahim Rugova, G\u00ebrlic\u00eb Ferizaj 70000 Orari i Pun\u00ebs e H\u00ebn\u00eb &#8211; e Premte 08:00 &#8211; 17:00 e Shtun\u00eb [&hellip;]<\/p>","protected":false},"author":1,"featured_media":0,"parent":0,"menu_order":0,"comment_status":"closed","ping_status":"closed","template":"page-templates\/home.php","meta":{"inline_featured_image":false,"footnotes":""},"class_list":["post-229","page","type-page","status-publish","hentry"],"_links":{"self":[{"href":"https:\/\/swissmetal-rks.com\/en\/wp-json\/wp\/v2\/pages\/229","targetHints":{"allow":["GET"]}}],"collection":[{"href":"https:\/\/swissmetal-rks.com\/en\/wp-json\/wp\/v2\/pages"}],"about":[{"href":"https:\/\/swissmetal-rks.com\/en\/wp-json\/wp\/v2\/types\/page"}],"author":[{"embeddable":true,"href":"https:\/\/swissmetal-rks.com\/en\/wp-json\/wp\/v2\/users\/1"}],"replies":[{"embeddable":true,"href":"https:\/\/swissmetal-rks.com\/en\/wp-json\/wp\/v2\/comments?post=229"}],"version-history":[{"count":43,"href":"https:\/\/swissmetal-rks.com\/en\/wp-json\/wp\/v2\/pages\/229\/revisions"}],"predecessor-version":[{"id":2840,"href":"https:\/\/swissmetal-rks.com\/en\/wp-json\/wp\/v2\/pages\/229\/revisions\/2840"}],"wp:attachment":[{"href":"https:\/\/swissmetal-rks.com\/en\/wp-json\/wp\/v2\/media?parent=229"}],"curies":[{"name":"wp","href":"https:\/\/api.w.org\/{rel}","templated":true}]}}